{"id":18,"date":"2013-09-25T23:33:56","date_gmt":"2013-09-25T21:33:56","guid":{"rendered":"http:\/\/new.byjos.pl\/?page_id=18"},"modified":"2016-08-02T14:17:00","modified_gmt":"2016-08-02T12:17:00","slug":"kontakt","status":"publish","type":"page","link":"https:\/\/www.byjos.pl\/?page_id=18","title":{"rendered":"Kontakt"},"content":{"rendered":"<div id=\"pl-18\"  class=\"panel-layout\" ><div id=\"pg-18-0\"  class=\"panel-grid panel-no-style\" ><div id=\"pgc-18-0-0\"  class=\"panel-grid-cell\" ><div id=\"panel-18-0-0-0\" class=\"so-panel widget widget_black-studio-tinymce widget_black_studio_tinymce panel-first-child\" data-index=\"0\" ><div class=\"textwidget\"><br>\r\n<h3> <\/h3>\r\n<h3>INFORMACJE KONTAKTOWE<\/h3>\r\n<hr style=\"color: #403a35; background-color: #403a35; height: 2px; border-top: 1px solid #010101;\" \/>\r\n<h3> <\/h3>\r\n<h5>RZESZ\u00d3W<\/h5>\r\n<p>siedziba g\u0142\u00f3wna Kancelarii There is not points to locate on the map<\/p>\r\n<p><span style=\"color: #ffffff;\">KANCELARIA RADC\u00d3W PRAWNYCH KRZYSZTOF BYJO\u015a<\/span><br \/><span style=\"color: #ffffff;\">35-311 RZESZ\u00d3W<\/span><br \/><span style=\"color: #ffffff;\">ul. E.KWIATKOWSKIEGO 2B\/15L<\/span><br \/>PI\u0118TRO III <br \/><br \/>T:<span style=\"color: #ffffff;\"> +48 1728 39 410<\/span> <br \/>T: <span style=\"color: #ffffff;\">730 670 700<\/span><br \/> F: <span style=\"color: #ffffff;\">+48 17 2839 411<\/span><br \/> <br \/> e-mail: <a href=\"mailto:kancelaria@byjos.pl\">kancelaria@byjos.pl<\/a><\/p><\/div><\/div><div id=\"panel-18-0-0-1\" class=\"so-panel widget widget_black-studio-tinymce widget_black_studio_tinymce panel-last-child\" data-index=\"1\" ><div class=\"textwidget\"><hr style=\"color: #403a35; background-color: #403a35; height: 2px; border-top: 1px solid #010101;\" \/>\n\n<h3><\/h3>\n<h5>GODZINY PRACY<\/h5>\nod poniedzia\u0142ku do pi\u0105tku\n8:00 - 16:00<\/div><\/div><\/div><div id=\"pgc-18-0-1\"  class=\"panel-grid-cell panel-grid-cell-empty\" ><\/div><div id=\"pgc-18-0-2\"  class=\"panel-grid-cell\" ><div id=\"panel-18-0-2-0\" class=\"so-panel widget widget_black-studio-tinymce widget_black_studio_tinymce panel-first-child panel-last-child\" data-index=\"2\" ><div class=\"textwidget\"><h3><\/h3>\n<h3>FORMULARZ KONTAKTOWY<\/h3>\n\n<hr style=\"color: #403a35; background-color: #403a35; height: 2px; border-top: 1px solid #010101;\" \/>\n\n<h3><\/h3>\n<div role=\"form\" class=\"wpcf7\" id=\"wpcf7-f490-o1\" lang=\"pl-PL\" dir=\"ltr\">\n<div class=\"screen-reader-response\"><p role=\"status\" aria-live=\"polite\" aria-atomic=\"true\"><\/p> <ul><\/ul><\/div>\n<form action=\"\/index.php?rest_route=%2Fwp%2Fv2%2Fpages%2F18#wpcf7-f490-o1\" method=\"post\" class=\"wpcf7-form init\" novalidate=\"novalidate\" data-status=\"init\">\n<div style=\"display: none;\">\n<input type=\"hidden\" name=\"_wpcf7\" value=\"490\" \/>\n<input type=\"hidden\" name=\"_wpcf7_version\" value=\"5.4.1\" \/>\n<input type=\"hidden\" name=\"_wpcf7_locale\" value=\"pl_PL\" \/>\n<input type=\"hidden\" name=\"_wpcf7_unit_tag\" value=\"wpcf7-f490-o1\" \/>\n<input type=\"hidden\" name=\"_wpcf7_container_post\" value=\"0\" \/>\n<input type=\"hidden\" name=\"_wpcf7_posted_data_hash\" value=\"\" \/>\n<\/div>\n<p>Imi\u0119 i nazwisko (wymagane)<br \/>\n    <span class=\"wpcf7-form-control-wrap your-name\"><input type=\"text\" name=\"your-name\" value=\"\" size=\"40\" class=\"wpcf7-form-control wpcf7-text wpcf7-validates-as-required\" aria-required=\"true\" aria-invalid=\"false\" \/><\/span> <\/p>\n<p>Adres email (wymagane)<br \/>\n    <span class=\"wpcf7-form-control-wrap your-email\"><input type=\"email\" name=\"your-email\" value=\"\" size=\"40\" class=\"wpcf7-form-control wpcf7-text wpcf7-email wpcf7-validates-as-required wpcf7-validates-as-email\" aria-required=\"true\" aria-invalid=\"false\" \/><\/span> <\/p>\n<p>Temat<br \/>\n    <span class=\"wpcf7-form-control-wrap your-subject\"><input type=\"text\" name=\"your-subject\" value=\"\" size=\"40\" class=\"wpcf7-form-control wpcf7-text\" aria-invalid=\"false\" \/><\/span> <\/p>\n<p>Tre\u015b\u0107 wiadomo\u015bci<br \/>\n    <span class=\"wpcf7-form-control-wrap your-message\"><textarea name=\"your-message\" cols=\"40\" rows=\"10\" class=\"wpcf7-form-control wpcf7-textarea\" aria-invalid=\"false\"><\/textarea><\/span> <\/p>\n<p><input type=\"hidden\" name=\"_wpcf7_captcha_challenge_captcha-832\" value=\"651921726\" \/><img class=\"wpcf7-form-control wpcf7-captchac wpcf7-captcha-captcha-832\" width=\"84\" height=\"28\" alt=\"captcha\" src=\"https:\/\/www.byjos.pl\/wp-content\/uploads\/wpcf7_captcha\/651921726.png\" \/>Wpisz poni\u017cej kod z powy\u017cszego obrazka <span class=\"wpcf7-form-control-wrap captcha-832\"><input type=\"text\" name=\"captcha-832\" value=\"\" size=\"50\" class=\"wpcf7-form-control wpcf7-captchar\" autocomplete=\"off\" aria-invalid=\"false\" \/><\/span><\/p>\n<p><input type=\"submit\" value=\"Wy\u015blij\" class=\"wpcf7-form-control wpcf7-submit\" \/><\/p>\n<div class=\"wpcf7-response-output\" aria-hidden=\"true\"><\/div><\/form><\/div>\n<\/div><\/div><\/div><\/div><\/div>","protected":false},"excerpt":{"rendered":"<p>INFORMACJE KONTAKTOWE RZESZ\u00d3W siedziba g\u0142\u00f3wna Kancelarii There is not points to locate on the map KANCELARIA RADC\u00d3W PRAWNYCH KRZYSZTOF BYJO\u015a35-311 RZESZ\u00d3Wul. E.KWIATKOWSKIEGO 2B\/15LPI\u0118TRO III T: +48 1728 39 410 T: 730 670 700 F: +48 17 2839 411 e-mail: kancelaria@byjos.pl GODZINY PRACY od poniedzia\u0142ku do pi\u0105tku 8:00 &#8211; 16:00 FORMULARZ KONTAKTOWY Imi\u0119 i nazwisko (wymagane)&hellip; <a href=\"https:\/\/www.byjos.pl\/?page_id=18\">Continue reading&#8230;<\/a><\/p>\n","protected":false},"author":1,"featured_media":0,"parent":0,"menu_order":4,"comment_status":"closed","ping_status":"closed","template":"templates\/page-full-width.php","meta":[],"_links":{"self":[{"href":"https:\/\/www.byjos.pl\/index.php?rest_route=\/wp\/v2\/pages\/18"}],"collection":[{"href":"https:\/\/www.byjos.pl\/index.php?rest_route=\/wp\/v2\/pages"}],"about":[{"href":"https:\/\/www.byjos.pl\/index.php?rest_route=\/wp\/v2\/types\/page"}],"author":[{"embeddable":true,"href":"https:\/\/www.byjos.pl\/index.php?rest_route=\/wp\/v2\/users\/1"}],"replies":[{"embeddable":true,"href":"https:\/\/www.byjos.pl\/index.php?rest_route=%2Fwp%2Fv2%2Fcomments&post=18"}],"version-history":[{"count":248,"href":"https:\/\/www.byjos.pl\/index.php?rest_route=\/wp\/v2\/pages\/18\/revisions"}],"predecessor-version":[{"id":2795,"href":"https:\/\/www.byjos.pl\/index.php?rest_route=\/wp\/v2\/pages\/18\/revisions\/2795"}],"wp:attachment":[{"href":"https:\/\/www.byjos.pl\/index.php?rest_route=%2Fwp%2Fv2%2Fmedia&parent=18"}],"curies":[{"name":"wp","href":"https:\/\/api.w.org\/{rel}","templated":true}]}}