{"id":262,"date":"2013-10-07T15:06:24","date_gmt":"2013-10-07T13:06:24","guid":{"rendered":"http:\/\/new.byjos.pl\/?page_id=262"},"modified":"2013-10-10T09:29:43","modified_gmt":"2013-10-10T07:29:43","slug":"cookie-policy","status":"publish","type":"page","link":"https:\/\/www.byjos.pl\/?page_id=262","title":{"rendered":"Cookie Policy"},"content":{"rendered":"<p>Polityka cookies<\/p>\n<p>Kancelaria Radcy Prawnego Krzysztof Byjo\u015b- Radca Prawny \u00a0wykorzystuje informacje zapisane za pomoc\u0105 cookies i podobnych technologii w celach statystycznych oraz w celu dostosowania serwisu do indywidualnych potrzeb u\u017cytkownik\u00f3w. Dost\u0119p do nich maj\u0105\u00a0 wsp\u00f3\u0142pracuj\u0105cy z Kancelari\u0105 reklamodawcy oraz firmy badawcze.<\/p>\n<p>Je\u015bli wyra\u017casz zgod\u0119 na u\u017cywanie cookies, to b\u0119d\u0105 one zapisane w pami\u0119ci twojej przegl\u0105darki. W przegl\u0105darce internetowej mo\u017cesz zmieni\u0107 ustawienia dotycz\u0105ce cookies. Mo\u017cesz zdezaktywowa\u0107 lub ca\u0142kowicie wy\u0142\u0105czy\u0107 pliki cookies na naszych stronach lub stronach naszych reklamodawc\u00f3w w opcjach swojej przegl\u0105darki internetowej lub wybieraj\u0105c odpowiedni\u0105 opcj\u0119 w programach typu firewall.<\/p>\n","protected":false},"excerpt":{"rendered":"<p>Polityka cookies Kancelaria Radcy Prawnego Krzysztof Byjo\u015b- Radca Prawny \u00a0wykorzystuje informacje zapisane za pomoc\u0105 cookies i podobnych technologii w celach statystycznych oraz w celu dostosowania serwisu do indywidualnych potrzeb u\u017cytkownik\u00f3w. Dost\u0119p do nich maj\u0105\u00a0 wsp\u00f3\u0142pracuj\u0105cy z Kancelari\u0105 reklamodawcy oraz firmy badawcze. Je\u015bli wyra\u017casz zgod\u0119 na u\u017cywanie cookies, to b\u0119d\u0105 one zapisane w pami\u0119ci twojej przegl\u0105darki.&hellip; <a href=\"https:\/\/www.byjos.pl\/?page_id=262\">Continue reading&#8230;<\/a><\/p>\n","protected":false},"author":1,"featured_media":0,"parent":0,"menu_order":0,"comment_status":"closed","ping_status":"closed","template":"","meta":[],"_links":{"self":[{"href":"https:\/\/www.byjos.pl\/index.php?rest_route=\/wp\/v2\/pages\/262"}],"collection":[{"href":"https:\/\/www.byjos.pl\/index.php?rest_route=\/wp\/v2\/pages"}],"about":[{"href":"https:\/\/www.byjos.pl\/index.php?rest_route=\/wp\/v2\/types\/page"}],"author":[{"embeddable":true,"href":"https:\/\/www.byjos.pl\/index.php?rest_route=\/wp\/v2\/users\/1"}],"replies":[{"embeddable":true,"href":"https:\/\/www.byjos.pl\/index.php?rest_route=%2Fwp%2Fv2%2Fcomments&post=262"}],"version-history":[{"count":2,"href":"https:\/\/www.byjos.pl\/index.php?rest_route=\/wp\/v2\/pages\/262\/revisions"}],"predecessor-version":[{"id":413,"href":"https:\/\/www.byjos.pl\/index.php?rest_route=\/wp\/v2\/pages\/262\/revisions\/413"}],"wp:attachment":[{"href":"https:\/\/www.byjos.pl\/index.php?rest_route=%2Fwp%2Fv2%2Fmedia&parent=262"}],"curies":[{"name":"wp","href":"https:\/\/api.w.org\/{rel}","templated":true}]}}