{"id":661,"date":"2013-10-30T10:21:22","date_gmt":"2013-10-30T09:21:22","guid":{"rendered":"http:\/\/new.byjos.pl\/?page_id=661"},"modified":"2014-11-13T22:11:35","modified_gmt":"2014-11-13T21:11:35","slug":"prawo-cywilne","status":"publish","type":"page","link":"https:\/\/www.byjos.pl\/?page_id=661","title":{"rendered":"PRAWO CYWILNE"},"content":{"rendered":"<div id=\"pl-661\"  class=\"panel-layout\" ><div id=\"pg-661-0\"  class=\"panel-grid panel-no-style\" ><div id=\"pgc-661-0-0\"  class=\"panel-grid-cell\" ><div id=\"panel-661-0-0-0\" class=\"so-panel widget widget_black-studio-tinymce widget_black_studio_tinymce panel-first-child panel-last-child\" data-index=\"0\" ><div class=\"textwidget\"><br\/>\n<h3> <\/h3>\n<h3><a href=\"http:\/\/http:\/\/www.byjos.pl\/?page_id=82\">OFERTA<\/a><\/h3>\n<hr style=\"color: #403a35; background-color: #403a35; height: 2px; border-top: 1px solid #010101;\" \/>\n<p style=\"text-align: justify;\">\u015awiadczymy kompleksow\u0105 obs\u0142ug\u0119 prawn\u0105 w sprawach gospodarczych, w tym przede wszystkim windykacji nale\u017cno\u015bci na etapie wkroczenia na drog\u0119 post\u0119powania s\u0105dowego, prowadzenia post\u0119powania s\u0105dowego jak i egzekucyjnego. Dzi\u0119ki po\u0142\u0105czeniu wiedzy, profesjonalizmu oraz wieloletniego do\u015bwiadczenia naszej kadry mo\u017cemy wskazywa\u0107 bezpieczne i najlepsze rozwi\u0105zania naszym Klientom. Jeste\u015bmy Kancelari\u0105 wyspecjalizowan\u0105 w dochodzeniu nale\u017cno\u015bci na drodze post\u0119powania s\u0105dowego i egzekucyjnego.<\/p><\/div><\/div><\/div><\/div><div id=\"pg-661-1\"  class=\"panel-grid panel-no-style\" ><div id=\"pgc-661-1-0\"  class=\"panel-grid-cell\" ><div id=\"panel-661-1-0-0\" class=\"so-panel widget widget_black-studio-tinymce widget_black_studio_tinymce panel-first-child panel-last-child\" data-index=\"1\" ><div class=\"textwidget\"><h3> <\/h3>\r\n<h3>KATEGORIE<\/h3>\r\n<hr \/>\r\n<p style=\"text-align: justify;\"><a href=\"http:\/\/www.byjos.pl\/?page_id=661\">PRAWO CYWILNE<br \/><\/a> <a href=\"http:\/\/www.byjos.pl\/?page_id=685\">PRAWO GOSPODARCZE <br \/><\/a><a href=\"http:\/\/www.byjos.pl\/?page_id=695\">PRAWO HANDLOWE<br \/> <\/a><a href=\"http:\/\/www.byjos.pl\/?page_id=698\">PRAWO PRACY<br \/><\/a><a href=\"http:\/\/www.byjos.pl\/?page_id=701\">PRAWO UBEZPIECZE\u0143 SPO\u0141ECZNYCH <br \/><\/a><a href=\"http:\/\/www.byjos.pl\/?page_id=704\">PRAWO ADMINISTRACYJNE <br \/><\/a><a href=\"http:\/\/www.byjos.pl\/?page_id=707\">PRAWO SAMORZ\u0104DU TERYTORIALNEGO<br \/> <\/a><a href=\"http:\/\/www.byjos.pl\/?page_id=710\">PRAWO UPAD\u0141O\u015aCIOWE <br \/><\/a><a href=\"http:\/\/www.byjos.pl\/?page_id=713\">ZAM\u00d3WIENIA PUBLICZNE<br \/> <\/a><a href=\"http:\/\/www.byjos.pl\/?page_id=716\">PRAWO OBROTU I ZARZ\u0104DZANIA <br \/>NIERUCHOMO\u015aCIAMI<br \/> <\/a><a href=\"http:\/\/www.byjos.pl\/?page_id=719\">PRAWO BUDOWLANE <br \/><\/a><a href=\"http:\/\/www.byjos.pl\/?page_id=722\">PRAWO O KONKURENCJI<\/a><\/p><\/div><\/div><\/div><div id=\"pgc-661-1-1\"  class=\"panel-grid-cell\" ><div id=\"panel-661-1-1-0\" class=\"so-panel widget widget_black-studio-tinymce widget_black_studio_tinymce panel-first-child panel-last-child\" data-index=\"2\" ><div class=\"textwidget\"><h3> <\/h3>\n<h3>PRAWO CYWILNE<\/h3>\n<hr style=\"color: #403a35; background-color: #403a35; height: 2px; border-top: 1px solid #010101;\" \/>\n<p style=\"text-align: justify;\">Zakres \u015bwiadczonych us\u0142ug:<br \/>1. przygotowanie um\u00f3w i ich analiza pod k\u0105tem zgodno\u015bci z obowi\u0105zuj\u0105cymi przepisami prawa, opiniowanie um\u00f3w przedk\u0142adanych przez Klient\u00f3w Kancelarii, udzia\u0142 w negocjacjach z kontrahentami,<br \/>2. opracowanie kompleksowych opinii prawnych,<br \/>3. przygotowanie pism procesowych na poszczeg\u00f3lnych etapach post\u0119powania,<br \/>4. reprezentacja procesowa Klient\u00f3w Kancelarii na wszelkich etapach post\u0119powa\u0144 s\u0105dowych,<br \/>5. doradztwo i kompleksowa pomoc w sprawach dotycz\u0105cych post\u0119powa\u0144 odszkodowawczych, o zado\u015b\u0107uczynienie oraz z zakresu prawa rzeczowego, sprawy o zachowek,<br \/>6. us\u0142ugi prawne na etapie post\u0119powania zabezpieczaj\u0105cego i egzekucyjnego.<\/p><\/div><\/div><\/div><\/div><\/div>","protected":false},"excerpt":{"rendered":"<p>OFERTA \u015awiadczymy kompleksow\u0105 obs\u0142ug\u0119 prawn\u0105 w sprawach gospodarczych, w tym przede wszystkim windykacji nale\u017cno\u015bci na etapie wkroczenia na drog\u0119 post\u0119powania s\u0105dowego, prowadzenia post\u0119powania s\u0105dowego jak i egzekucyjnego. Dzi\u0119ki po\u0142\u0105czeniu wiedzy, profesjonalizmu oraz wieloletniego do\u015bwiadczenia naszej kadry mo\u017cemy wskazywa\u0107 bezpieczne i najlepsze rozwi\u0105zania naszym Klientom. Jeste\u015bmy Kancelari\u0105 wyspecjalizowan\u0105 w dochodzeniu nale\u017cno\u015bci na drodze post\u0119powania s\u0105dowego i&hellip; <a href=\"https:\/\/www.byjos.pl\/?page_id=661\">Continue reading&#8230;<\/a><\/p>\n","protected":false},"author":1,"featured_media":0,"parent":82,"menu_order":1,"comment_status":"closed","ping_status":"closed","template":"templates\/page-full-width.php","meta":[],"_links":{"self":[{"href":"https:\/\/www.byjos.pl\/index.php?rest_route=\/wp\/v2\/pages\/661"}],"collection":[{"href":"https:\/\/www.byjos.pl\/index.php?rest_route=\/wp\/v2\/pages"}],"about":[{"href":"https:\/\/www.byjos.pl\/index.php?rest_route=\/wp\/v2\/types\/page"}],"author":[{"embeddable":true,"href":"https:\/\/www.byjos.pl\/index.php?rest_route=\/wp\/v2\/users\/1"}],"replies":[{"embeddable":true,"href":"https:\/\/www.byjos.pl\/index.php?rest_route=%2Fwp%2Fv2%2Fcomments&post=661"}],"version-history":[{"count":40,"href":"https:\/\/www.byjos.pl\/index.php?rest_route=\/wp\/v2\/pages\/661\/revisions"}],"predecessor-version":[{"id":2712,"href":"https:\/\/www.byjos.pl\/index.php?rest_route=\/wp\/v2\/pages\/661\/revisions\/2712"}],"up":[{"embeddable":true,"href":"https:\/\/www.byjos.pl\/index.php?rest_route=\/wp\/v2\/pages\/82"}],"wp:attachment":[{"href":"https:\/\/www.byjos.pl\/index.php?rest_route=%2Fwp%2Fv2%2Fmedia&parent=661"}],"curies":[{"name":"wp","href":"https:\/\/api.w.org\/{rel}","templated":true}]}}