{"id":701,"date":"2013-10-30T10:48:37","date_gmt":"2013-10-30T09:48:37","guid":{"rendered":"http:\/\/new.byjos.pl\/?page_id=701"},"modified":"2014-11-13T22:17:35","modified_gmt":"2014-11-13T21:17:35","slug":"prawo-ubezpieczen-spolecznych","status":"publish","type":"page","link":"https:\/\/www.byjos.pl\/?page_id=701","title":{"rendered":"PRAWO UBEZPIECZE\u0143 SPO\u0141ECZNYCH"},"content":{"rendered":"<div id=\"pl-701\"  class=\"panel-layout\" ><div id=\"pg-701-0\"  class=\"panel-grid panel-no-style\" ><div id=\"pgc-701-0-0\"  class=\"panel-grid-cell\" ><div id=\"panel-701-0-0-0\" class=\"so-panel widget widget_black-studio-tinymce widget_black_studio_tinymce panel-first-child panel-last-child\" data-index=\"0\" ><div class=\"textwidget\"><br\/>\n<h3> <\/h3>\n<h3><a href=\"http:\/\/new.byjos.pl\/?page_id=82\">OFERTA<\/a><\/h3>\n<hr style=\"color: #403a35; background-color: #403a35; height: 2px; border-top: 1px solid #010101;\" \/>\n<p style=\"text-align: justify;\">\u015awiadczymy kompleksow\u0105 obs\u0142ug\u0119 prawn\u0105 w sprawach gospodarczych, w tym przede wszystkim windykacji nale\u017cno\u015bci na etapie wkroczenia na drog\u0119 post\u0119powania s\u0105dowego, prowadzenia post\u0119powania s\u0105dowego jak i egzekucyjnego. Dzi\u0119ki po\u0142\u0105czeniu wiedzy, profesjonalizmu oraz wieloletniego do\u015bwiadczenia naszej kadry mo\u017cemy wskazywa\u0107 bezpieczne i najlepsze rozwi\u0105zania naszym Klientom. Jeste\u015bmy Kancelari\u0105 wyspecjalizowan\u0105 w dochodzeniu nale\u017cno\u015bci na drodze post\u0119powania s\u0105dowego i egzekucyjnego.<\/p><\/div><\/div><\/div><\/div><div id=\"pg-701-1\"  class=\"panel-grid panel-no-style\" ><div id=\"pgc-701-1-0\"  class=\"panel-grid-cell\" ><div id=\"panel-701-1-0-0\" class=\"so-panel widget widget_black-studio-tinymce widget_black_studio_tinymce panel-first-child panel-last-child\" data-index=\"1\" ><div class=\"textwidget\"><h3> <\/h3>\r\n<h3>KATEGORIE<\/h3>\r\n<hr style=\"color: #403a35; background-color: #403a35; height: 2px; border-top: 1px solid #010101;\" \/>\r\n<p><a href=\"http:\/\/www.byjos.pl\/?page_id=661\">PRAWO CYWILNE<br \/><\/a><a href=\"http:\/\/www.byjos.pl\/?page_id=685\">PRAWO GOSPODARCZE<br \/><\/a><a href=\"http:\/\/www.byjos.pl\/?page_id=695\">PRAWO HANDLOWE<br \/><\/a><a href=\"http:\/\/www.byjos.pl\/?page_id=698\">PRAWO PRACY<\/a><a href=\"http:\/\/www.byjos.pl\/?page_id=695\"><br \/><\/a><a href=\"http:\/\/www.byjos.pl\/?page_id=701\">PRAWO UBEZPIECZE\u0143 SPO\u0141ECZNYCH<br \/><\/a><a href=\"http:\/\/www.byjos.pl\/?page_id=704\">PRAWO ADMINISTRACYJNE<br \/><\/a><a href=\"http:\/\/www.byjos.pl\/?page_id=707\">PRAWO SAMORZ\u0104DU TERYTORIALNEGO<br \/><\/a><a href=\"http:\/\/www.byjos.pl\/?page_id=710\">PRAWO UPAD\u0141O\u015aCIOWE<br \/><\/a><a href=\"http:\/\/www.byjos.pl\/?page_id=713\">ZAM\u00d3WIENIA PUBLICZNE<br \/><\/a><a href=\"http:\/\/www.byjos.pl\/?page_id=716\">PRAWO OBROTU I ZARZ\u0104DZANIA <br \/>NIERUCHOMO\u015aCIAMI<br \/><\/a><a href=\"http:\/\/www.byjos.pl\/?page_id=719\">PRAWO BUDOWLANE<br \/><\/a><a href=\"http:\/\/www.byjos.pl\/?page_id=722\">PRAWO O KONKURENCJI<\/a><\/p><\/div><\/div><\/div><div id=\"pgc-701-1-1\"  class=\"panel-grid-cell\" ><div id=\"panel-701-1-1-0\" class=\"so-panel widget widget_black-studio-tinymce widget_black_studio_tinymce panel-first-child panel-last-child\" data-index=\"2\" ><div class=\"textwidget\"><h3> <\/h3>\n<h3>PRAWO UBEZPIECZE\u0143 SPO\u0141ECZNYCH<\/h3>\n<hr style=\"color: #403a35; background-color: #403a35; height: 2px; border-top: 1px solid #010101;\" \/>\n<p style=\"text-align: justify;\">Zakres \u015bwiadczonych us\u0142ug:<br \/>1. przygotowywanie i opiniowanie um\u00f3w o prac\u0119, kontrakt\u00f3w mened\u017cerskich, um\u00f3w o zakazie prowadzenia dzia\u0142alno\u015bci konkurencyjnej oraz innych dokument\u00f3w zwi\u0105zanych z nawi\u0105zywaniem stosunku pracy,<br \/>2. doradztwo w zakresie wyboru najbardziej optymalnego sposobu nawi\u0105zywania i rozwi\u0105zywania stosunk\u00f3w pracy,<br \/>3. sporz\u0105dzanie regulamin\u00f3w pracy, regulamin\u00f3w wynagradzania oraz innych wewn\u0119trznych przepis\u00f3w prawa pracy,<br \/>4. reprezentacja w sporach wynikaj\u0105cych ze stosunku pracy i w sporach z zakresu ubezpiecze\u0144 spo\u0142ecznych,<br \/>5. sta\u0142e doradztwo w sprawach z zakresu prawa pracy i ubezpiecze\u0144 spo\u0142ecznych oraz bie\u017c\u0105ca interpretacja przepis\u00f3w,<br \/>6. \u015bwiadczenie us\u0142ug wynikaj\u0105cych z post\u0119powania pojednawczego, reprezentowanie pracownik\u00f3w i pracodawc\u00f3w <br \/>w sporach s\u0105dowych i pozas\u0105dowych wynikaj\u0105cych z prawa pracy,<br \/>7. opiniowanie czynno\u015bci z zakresu prawa pracy zwi\u0105zanych ze zwalnianiem pracownik\u00f3w.<\/p><\/div><\/div><\/div><\/div><\/div>","protected":false},"excerpt":{"rendered":"<p>OFERTA \u015awiadczymy kompleksow\u0105 obs\u0142ug\u0119 prawn\u0105 w sprawach gospodarczych, w tym przede wszystkim windykacji nale\u017cno\u015bci na etapie wkroczenia na drog\u0119 post\u0119powania s\u0105dowego, prowadzenia post\u0119powania s\u0105dowego jak i egzekucyjnego. Dzi\u0119ki po\u0142\u0105czeniu wiedzy, profesjonalizmu oraz wieloletniego do\u015bwiadczenia naszej kadry mo\u017cemy wskazywa\u0107 bezpieczne i najlepsze rozwi\u0105zania naszym Klientom. Jeste\u015bmy Kancelari\u0105 wyspecjalizowan\u0105 w dochodzeniu nale\u017cno\u015bci na drodze post\u0119powania s\u0105dowego i&hellip; <a href=\"https:\/\/www.byjos.pl\/?page_id=701\">Continue reading&#8230;<\/a><\/p>\n","protected":false},"author":1,"featured_media":0,"parent":82,"menu_order":5,"comment_status":"closed","ping_status":"closed","template":"templates\/page-full-width.php","meta":[],"_links":{"self":[{"href":"https:\/\/www.byjos.pl\/index.php?rest_route=\/wp\/v2\/pages\/701"}],"collection":[{"href":"https:\/\/www.byjos.pl\/index.php?rest_route=\/wp\/v2\/pages"}],"about":[{"href":"https:\/\/www.byjos.pl\/index.php?rest_route=\/wp\/v2\/types\/page"}],"author":[{"embeddable":true,"href":"https:\/\/www.byjos.pl\/index.php?rest_route=\/wp\/v2\/users\/1"}],"replies":[{"embeddable":true,"href":"https:\/\/www.byjos.pl\/index.php?rest_route=%2Fwp%2Fv2%2Fcomments&post=701"}],"version-history":[{"count":16,"href":"https:\/\/www.byjos.pl\/index.php?rest_route=\/wp\/v2\/pages\/701\/revisions"}],"predecessor-version":[{"id":2719,"href":"https:\/\/www.byjos.pl\/index.php?rest_route=\/wp\/v2\/pages\/701\/revisions\/2719"}],"up":[{"embeddable":true,"href":"https:\/\/www.byjos.pl\/index.php?rest_route=\/wp\/v2\/pages\/82"}],"wp:attachment":[{"href":"https:\/\/www.byjos.pl\/index.php?rest_route=%2Fwp%2Fv2%2Fmedia&parent=701"}],"curies":[{"name":"wp","href":"https:\/\/api.w.org\/{rel}","templated":true}]}}