{"id":707,"date":"2013-10-30T10:50:36","date_gmt":"2013-10-30T09:50:36","guid":{"rendered":"http:\/\/new.byjos.pl\/?page_id=707"},"modified":"2014-11-13T22:19:14","modified_gmt":"2014-11-13T21:19:14","slug":"prawo-samorzadu-terytorialnego","status":"publish","type":"page","link":"https:\/\/www.byjos.pl\/?page_id=707","title":{"rendered":"PRAWO SAMORZ\u0104DU TERYTORIALNEGO"},"content":{"rendered":"<div id=\"pl-707\"  class=\"panel-layout\" ><div id=\"pg-707-0\"  class=\"panel-grid panel-no-style\" ><div id=\"pgc-707-0-0\"  class=\"panel-grid-cell\" ><div id=\"panel-707-0-0-0\" class=\"so-panel widget widget_black-studio-tinymce widget_black_studio_tinymce panel-first-child panel-last-child\" data-index=\"0\" ><div class=\"textwidget\"><br\/>\n<h3> <\/h3>\n<h3><a href=\"http:\/\/new.byjos.pl\/?page_id=82\">OFERTA<\/a><\/h3>\n<hr style=\"color: #403a35; background-color: #403a35; height: 2px; border-top: 1px solid #010101;\" \/>\n<p style=\"text-align: justify;\">\u015awiadczymy kompleksow\u0105 obs\u0142ug\u0119 prawn\u0105 w sprawach gospodarczych, w tym przede wszystkim windykacji nale\u017cno\u015bci na etapie wkroczenia na drog\u0119 post\u0119powania s\u0105dowego, prowadzenia post\u0119powania s\u0105dowego jak i egzekucyjnego. Dzi\u0119ki po\u0142\u0105czeniu wiedzy, profesjonalizmu oraz wieloletniego do\u015bwiadczenia naszej kadry mo\u017cemy wskazywa\u0107 bezpieczne i najlepsze rozwi\u0105zania naszym Klientom. Jeste\u015bmy Kancelari\u0105 wyspecjalizowan\u0105 w dochodzeniu nale\u017cno\u015bci na drodze post\u0119powania s\u0105dowego i egzekucyjnego.<\/p><\/div><\/div><\/div><\/div><div id=\"pg-707-1\"  class=\"panel-grid panel-no-style\" ><div id=\"pgc-707-1-0\"  class=\"panel-grid-cell\" ><div id=\"panel-707-1-0-0\" class=\"so-panel widget widget_black-studio-tinymce widget_black_studio_tinymce panel-first-child panel-last-child\" data-index=\"1\" ><div class=\"textwidget\"><h3> <\/h3>\r\n<h3>KATEGORIE<\/h3>\r\n<hr style=\"color: #403a35; background-color: #403a35; height: 2px; border-top: 1px solid #010101;\" \/>\r\n<p><a href=\"http:\/\/www.byjos.pl\/?page_id=661\">PRAWO CYWILNE<br \/><\/a><a href=\"http:\/\/www.byjos.pl\/?page_id=685\">PRAWO GOSPODARCZE<br \/><\/a><a href=\"http:\/\/www.byjos.pl\/?page_id=695\">PRAWO HANDLOWE<br \/><\/a><a href=\"http:\/\/www.byjos.pl\/?page_id=698\">PRAWO PRACY<\/a><a href=\"http:\/\/www.byjos.pl\/?page_id=695\"><br \/><\/a><a href=\"http:\/\/www.byjos.pl\/?page_id=701\">PRAWO UBEZPIECZE\u0143 SPO\u0141ECZNYCH<br \/><\/a><a href=\"http:\/\/www.byjos.pl\/?page_id=704\">PRAWO ADMINISTRACYJNE<br \/><\/a><a href=\"http:\/\/www.byjos.pl\/?page_id=707\">PRAWO SAMORZ\u0104DU TERYTORIALNEGO<br \/><\/a><a href=\"http:\/\/www.byjos.pl\/?page_id=710\">PRAWO UPAD\u0141O\u015aCIOWE<br \/><\/a><a href=\"http:\/\/www.byjos.pl\/?page_id=713\">ZAM\u00d3WIENIA PUBLICZNE<br \/><\/a><a href=\"http:\/\/www.byjos.pl\/?page_id=716\">PRAWO OBROTU I ZARZ\u0104DZANIA <br \/>NIERUCHOMO\u015aCIAMI<br \/><\/a><a href=\"http:\/\/www.byjos.pl\/?page_id=719\">PRAWO BUDOWLANE<br \/><\/a><a href=\"http:\/\/www.byjos.pl\/?page_id=722\">PRAWO O KONKURENCJI<\/a><\/p><\/div><\/div><\/div><div id=\"pgc-707-1-1\"  class=\"panel-grid-cell\" ><div id=\"panel-707-1-1-0\" class=\"so-panel widget widget_black-studio-tinymce widget_black_studio_tinymce panel-first-child panel-last-child\" data-index=\"2\" ><div class=\"textwidget\"><h3> <\/h3>\n<h3>PRAWO SAMORZ\u0104DU TERYTORIALNEGO<\/h3>\n<hr style=\"color: #403a35; background-color: #403a35; height: 2px; border-top: 1px solid #010101;\" \/>\n<p>Zakres \u015bwiadczonych us\u0142ug:<br \/>1. sporz\u0105dzanie opinii prawnych w sprawach pracowniczych,<br \/>2. sporz\u0105dzanie opinii prawnych w sprawach gospodarki komunalnej, w sprawach ochrony \u015brodowiska i odpad\u00f3w,<br \/>3. w zakresie prawa budowlanego, gospodarki nieruchomo\u015bciami, w zakresie prawa podatkowego,<br \/>4. doradztwo prawne w zakresie op\u0142at i podatk\u00f3w lokalnych,<br \/>5. sporz\u0105dzanie opinii prawnych w zakresie post\u0119powa\u0144 administracyjnych i s\u0105dowo - administracyjnych,<br \/>6. doradztwo prawne w zakresie zam\u00f3wie\u0144 publicznych,<br \/>7. opiniowanie projekt\u00f3w uchwa\u0142 rady gminy, miasta, powiatu,<br \/>8. doradztwo prawne w zakresie zagospodarowania przestrzennego,<br \/>9. opiniowanie projekt\u00f3w uchwa\u0142 zarz\u0105d\u00f3w gminy, miasta, powiatu,<br \/>10. sporz\u0105dzanie projekt\u00f3w pism procesowych oraz decyzji administracyjnych,<br \/>11. opiniowanie akt\u00f3w wewn\u0119trznego kierownictwa,<br \/>12. opiniowanie projekt\u00f3w um\u00f3w oraz porozumie\u0144,<br \/>13. obs\u0142uga sesji organ\u00f3w uchwa\u0142odawczych,<br \/>14. obs\u0142uga gminnych jednostek organizacyjnych - szk\u00f3\u0142, zak\u0142ad\u00f3w komunalnych, o\u015brodk\u00f3w pomocy spo\u0142ecznej,<br \/>15. reprezentacja jednostek samorz\u0105du terytorialnego w post\u0119powaniach s\u0105dowych, administracyjnych<br \/> i s\u0105dowo - administracyjnych, w szczeg\u00f3lno\u015bci w sprawach z zakresu prawa pracy, w procesach odszkodowawczych <br \/>oraz procesach zwi\u0105zanych z nieruchomo\u015bciami.<\/p><\/div><\/div><\/div><\/div><\/div>","protected":false},"excerpt":{"rendered":"<p>OFERTA \u015awiadczymy kompleksow\u0105 obs\u0142ug\u0119 prawn\u0105 w sprawach gospodarczych, w tym przede wszystkim windykacji nale\u017cno\u015bci na etapie wkroczenia na drog\u0119 post\u0119powania s\u0105dowego, prowadzenia post\u0119powania s\u0105dowego jak i egzekucyjnego. Dzi\u0119ki po\u0142\u0105czeniu wiedzy, profesjonalizmu oraz wieloletniego do\u015bwiadczenia naszej kadry mo\u017cemy wskazywa\u0107 bezpieczne i najlepsze rozwi\u0105zania naszym Klientom. Jeste\u015bmy Kancelari\u0105 wyspecjalizowan\u0105 w dochodzeniu nale\u017cno\u015bci na drodze post\u0119powania s\u0105dowego i&hellip; <a href=\"https:\/\/www.byjos.pl\/?page_id=707\">Continue reading&#8230;<\/a><\/p>\n","protected":false},"author":1,"featured_media":0,"parent":82,"menu_order":7,"comment_status":"closed","ping_status":"closed","template":"templates\/page-full-width.php","meta":[],"_links":{"self":[{"href":"https:\/\/www.byjos.pl\/index.php?rest_route=\/wp\/v2\/pages\/707"}],"collection":[{"href":"https:\/\/www.byjos.pl\/index.php?rest_route=\/wp\/v2\/pages"}],"about":[{"href":"https:\/\/www.byjos.pl\/index.php?rest_route=\/wp\/v2\/types\/page"}],"author":[{"embeddable":true,"href":"https:\/\/www.byjos.pl\/index.php?rest_route=\/wp\/v2\/users\/1"}],"replies":[{"embeddable":true,"href":"https:\/\/www.byjos.pl\/index.php?rest_route=%2Fwp%2Fv2%2Fcomments&post=707"}],"version-history":[{"count":20,"href":"https:\/\/www.byjos.pl\/index.php?rest_route=\/wp\/v2\/pages\/707\/revisions"}],"predecessor-version":[{"id":2721,"href":"https:\/\/www.byjos.pl\/index.php?rest_route=\/wp\/v2\/pages\/707\/revisions\/2721"}],"up":[{"embeddable":true,"href":"https:\/\/www.byjos.pl\/index.php?rest_route=\/wp\/v2\/pages\/82"}],"wp:attachment":[{"href":"https:\/\/www.byjos.pl\/index.php?rest_route=%2Fwp%2Fv2%2Fmedia&parent=707"}],"curies":[{"name":"wp","href":"https:\/\/api.w.org\/{rel}","templated":true}]}}