{"id":710,"date":"2013-10-30T10:51:28","date_gmt":"2013-10-30T09:51:28","guid":{"rendered":"http:\/\/new.byjos.pl\/?page_id=710"},"modified":"2014-11-13T22:19:58","modified_gmt":"2014-11-13T21:19:58","slug":"prawo-upadlosciowe","status":"publish","type":"page","link":"https:\/\/www.byjos.pl\/?page_id=710","title":{"rendered":"PRAWO UPAD\u0141O\u015aCIOWE"},"content":{"rendered":"<div id=\"pl-710\"  class=\"panel-layout\" ><div id=\"pg-710-0\"  class=\"panel-grid panel-no-style\" ><div id=\"pgc-710-0-0\"  class=\"panel-grid-cell\" ><div id=\"panel-710-0-0-0\" class=\"so-panel widget widget_black-studio-tinymce widget_black_studio_tinymce panel-first-child panel-last-child\" data-index=\"0\" ><div class=\"textwidget\"><br\/>\n<h3> <\/h3>\n<h3><a href=\"http:\/\/new.byjos.pl\/?page_id=82\">OFERTA<\/a><\/h3>\n<hr style=\"color: #403a35; background-color: #403a35; height: 2px; border-top: 1px solid #010101;\" \/>\n<p style=\"text-align: justify;\">\u015awiadczymy kompleksow\u0105 obs\u0142ug\u0119 prawn\u0105 w sprawach gospodarczych, w tym przede wszystkim windykacji nale\u017cno\u015bci na etapie wkroczenia na drog\u0119 post\u0119powania s\u0105dowego, prowadzenia post\u0119powania s\u0105dowego jak i egzekucyjnego. Dzi\u0119ki po\u0142\u0105czeniu wiedzy, profesjonalizmu oraz wieloletniego do\u015bwiadczenia naszej kadry mo\u017cemy wskazywa\u0107 bezpieczne i najlepsze rozwi\u0105zania naszym Klientom. Jeste\u015bmy Kancelari\u0105 wyspecjalizowan\u0105 w dochodzeniu nale\u017cno\u015bci na drodze post\u0119powania s\u0105dowego i egzekucyjnego.<\/p><\/div><\/div><\/div><\/div><div id=\"pg-710-1\"  class=\"panel-grid panel-no-style\" ><div id=\"pgc-710-1-0\"  class=\"panel-grid-cell\" ><div id=\"panel-710-1-0-0\" class=\"so-panel widget widget_black-studio-tinymce widget_black_studio_tinymce panel-first-child panel-last-child\" data-index=\"1\" ><div class=\"textwidget\"><h3> <\/h3>\r\n<h3>KATEGORIE<\/h3>\r\n<hr style=\"color: #403a35; background-color: #403a35; height: 2px; border-top: 1px solid #010101;\" \/>\r\n<p><a href=\"http:\/\/www.byjos.pl\/?page_id=661\">PRAWO CYWILNE<br \/><\/a><a href=\"http:\/\/www.byjos.pl\/?page_id=685\">PRAWO GOSPODARCZE<br \/><\/a><a href=\"http:\/\/www.byjos.pl\/?page_id=695\">PRAWO HANDLOWE<br \/><\/a><a href=\"http:\/\/www.byjos.pl\/?page_id=698\">PRAWO PRACY<\/a><a href=\"http:\/\/www.byjos.pl\/?page_id=695\"><br \/><\/a><a href=\"http:\/\/www.byjos.pl\/?page_id=701\">PRAWO UBEZPIECZE\u0143 SPO\u0141ECZNYCH<br \/><\/a><a href=\"http:\/\/www.byjos.pl\/?page_id=704\">PRAWO ADMINISTRACYJNE<br \/><\/a><a href=\"http:\/\/www.byjos.pl\/?page_id=707\">PRAWO SAMORZ\u0104DU TERYTORIALNEGO<br \/><\/a><a href=\"http:\/\/www.byjos.pl\/?page_id=710\">PRAWO UPAD\u0141O\u015aCIOWE<br \/><\/a><a href=\"http:\/\/www.byjos.pl\/?page_id=713\">ZAM\u00d3WIENIA PUBLICZNE<br \/><\/a><a href=\"http:\/\/www.byjos.pl\/?page_id=716\">PRAWO OBROTU I ZARZ\u0104DZANIA <br \/>NIERUCHOMO\u015aCIAMI<br \/><\/a><a href=\"http:\/\/www.byjos.pl\/?page_id=719\">PRAWO BUDOWLANE<br \/><\/a><a href=\"http:\/\/www.byjos.pl\/?page_id=722\">PRAWO O KONKURENCJI<\/a><\/p><\/div><\/div><\/div><div id=\"pgc-710-1-1\"  class=\"panel-grid-cell\" ><div id=\"panel-710-1-1-0\" class=\"so-panel widget widget_black-studio-tinymce widget_black_studio_tinymce panel-first-child panel-last-child\" data-index=\"2\" ><div class=\"textwidget\"><h3> <\/h3>\n<h3>PRAWO UPAD\u0141O\u015aCIOWE<\/h3>\n<hr style=\"color: #403a35; background-color: #403a35; height: 2px; border-top: 1px solid #010101;\" \/>\n<p style=\"text-align: justify;\">Zakres \u015bwiadczonych us\u0142ug:<br \/>1. analiz prawnych jak i ekonomicznych z zakresu zarz\u0105dzania przedsi\u0119biorstwami w kryzysowych sytuacjach,<br \/>2. renegocjowania warunk\u00f3w zawartych um\u00f3w,<br \/>3. udzia\u0142u w negocjacjach z wierzycielami,<br \/>4. opracowywania wniosk\u00f3w o og\u0142oszenie upad\u0142o\u015bci likwidacyjnej w imieniu wierzycieli albo d\u0142u\u017cnik\u00f3w,<br \/>5. opracowywania wniosk\u00f3w o og\u0142oszenie upad\u0142o\u015bci z mo\u017cliwo\u015bci\u0105 zawarcia uk\u0142adu,<br \/>6. reprezentacji stron w sprawach dot. post\u0119powania upad\u0142o\u015bciowego, w post\u0119powa\u0144 zwi\u0105zanych ze zg\u0142aszaniem wierzytelno\u015bci, post\u0119powania w przedmiocie zatwierdzenia planu podzia\u0142u, post\u0119powania w przedmiocie wy\u0142\u0105czenia przedmiot\u00f3w i wierzytelno\u015bci z masy upad\u0142o\u015bci oraz post\u0119powaniach o uznanie za bezskuteczn\u0105 czynno\u015bci upad\u0142ego,<br \/>7. reprezentacji zarz\u0105d\u00f3w sp\u00f3\u0142ek kapita\u0142owych,<br \/>8. bie\u017c\u0105cej obs\u0142ugi prawnej syndyk\u00f3w mas upad\u0142o\u015bci.<\/p><\/div><\/div><\/div><\/div><\/div>","protected":false},"excerpt":{"rendered":"<p>OFERTA \u015awiadczymy kompleksow\u0105 obs\u0142ug\u0119 prawn\u0105 w sprawach gospodarczych, w tym przede wszystkim windykacji nale\u017cno\u015bci na etapie wkroczenia na drog\u0119 post\u0119powania s\u0105dowego, prowadzenia post\u0119powania s\u0105dowego jak i egzekucyjnego. Dzi\u0119ki po\u0142\u0105czeniu wiedzy, profesjonalizmu oraz wieloletniego do\u015bwiadczenia naszej kadry mo\u017cemy wskazywa\u0107 bezpieczne i najlepsze rozwi\u0105zania naszym Klientom. Jeste\u015bmy Kancelari\u0105 wyspecjalizowan\u0105 w dochodzeniu nale\u017cno\u015bci na drodze post\u0119powania s\u0105dowego i&hellip; <a href=\"https:\/\/www.byjos.pl\/?page_id=710\">Continue reading&#8230;<\/a><\/p>\n","protected":false},"author":1,"featured_media":0,"parent":82,"menu_order":9,"comment_status":"closed","ping_status":"closed","template":"templates\/page-full-width.php","meta":[],"_links":{"self":[{"href":"https:\/\/www.byjos.pl\/index.php?rest_route=\/wp\/v2\/pages\/710"}],"collection":[{"href":"https:\/\/www.byjos.pl\/index.php?rest_route=\/wp\/v2\/pages"}],"about":[{"href":"https:\/\/www.byjos.pl\/index.php?rest_route=\/wp\/v2\/types\/page"}],"author":[{"embeddable":true,"href":"https:\/\/www.byjos.pl\/index.php?rest_route=\/wp\/v2\/users\/1"}],"replies":[{"embeddable":true,"href":"https:\/\/www.byjos.pl\/index.php?rest_route=%2Fwp%2Fv2%2Fcomments&post=710"}],"version-history":[{"count":17,"href":"https:\/\/www.byjos.pl\/index.php?rest_route=\/wp\/v2\/pages\/710\/revisions"}],"predecessor-version":[{"id":2722,"href":"https:\/\/www.byjos.pl\/index.php?rest_route=\/wp\/v2\/pages\/710\/revisions\/2722"}],"up":[{"embeddable":true,"href":"https:\/\/www.byjos.pl\/index.php?rest_route=\/wp\/v2\/pages\/82"}],"wp:attachment":[{"href":"https:\/\/www.byjos.pl\/index.php?rest_route=%2Fwp%2Fv2%2Fmedia&parent=710"}],"curies":[{"name":"wp","href":"https:\/\/api.w.org\/{rel}","templated":true}]}}