{"id":713,"date":"2013-10-30T10:52:27","date_gmt":"2013-10-30T09:52:27","guid":{"rendered":"http:\/\/new.byjos.pl\/?page_id=713"},"modified":"2014-11-13T22:20:38","modified_gmt":"2014-11-13T21:20:38","slug":"zamowienia-publiczne","status":"publish","type":"page","link":"https:\/\/www.byjos.pl\/?page_id=713","title":{"rendered":"ZAM\u00d3WIENIA PUBLICZNE"},"content":{"rendered":"<div id=\"pl-713\"  class=\"panel-layout\" ><div id=\"pg-713-0\"  class=\"panel-grid panel-no-style\" ><div id=\"pgc-713-0-0\"  class=\"panel-grid-cell\" ><div id=\"panel-713-0-0-0\" class=\"so-panel widget widget_black-studio-tinymce widget_black_studio_tinymce panel-first-child panel-last-child\" data-index=\"0\" ><div class=\"textwidget\"><br\/>\n<h3> <\/h3>\n<h3><a href=\"http:\/\/new.byjos.pl\/?page_id=82\">OFERTA<\/a><\/h3>\n<hr style=\"color: #403a35; background-color: #403a35; height: 2px; border-top: 1px solid #010101;\" \/>\n<p style=\"text-align: justify;\">\u015awiadczymy kompleksow\u0105 obs\u0142ug\u0119 prawn\u0105 w sprawach gospodarczych, w tym przede wszystkim windykacji nale\u017cno\u015bci na etapie wkroczenia na drog\u0119 post\u0119powania s\u0105dowego, prowadzenia post\u0119powania s\u0105dowego jak i egzekucyjnego. Dzi\u0119ki po\u0142\u0105czeniu wiedzy, profesjonalizmu oraz wieloletniego do\u015bwiadczenia naszej kadry mo\u017cemy wskazywa\u0107 bezpieczne i najlepsze rozwi\u0105zania naszym Klientom. Jeste\u015bmy Kancelari\u0105 wyspecjalizowan\u0105 w dochodzeniu nale\u017cno\u015bci na drodze post\u0119powania s\u0105dowego i egzekucyjnego.<\/p><\/div><\/div><\/div><\/div><div id=\"pg-713-1\"  class=\"panel-grid panel-no-style\" ><div id=\"pgc-713-1-0\"  class=\"panel-grid-cell\" ><div id=\"panel-713-1-0-0\" class=\"so-panel widget widget_black-studio-tinymce widget_black_studio_tinymce panel-first-child panel-last-child\" data-index=\"1\" ><div class=\"textwidget\"><h3> <\/h3>\r\n<h3>KATEGORIE<\/h3>\r\n<hr style=\"color: #403a35; background-color: #403a35; height: 2px; border-top: 1px solid #010101;\" \/>\r\n<p><a href=\"http:\/\/www.byjos.pl\/?page_id=661\">PRAWO CYWILNE<br \/><\/a><a href=\"http:\/\/www.byjos.pl\/?page_id=685\">PRAWO GOSPODARCZE<br \/><\/a><a href=\"http:\/\/www.byjos.pl\/?page_id=695\">PRAWO HANDLOWE<br \/><\/a><a href=\"http:\/\/www.byjos.pl\/?page_id=698\">PRAWO PRACY<\/a><a href=\"http:\/\/www.byjos.pl\/?page_id=695\"><br \/><\/a><a href=\"http:\/\/www.byjos.pl\/?page_id=701\">PRAWO UBEZPIECZE\u0143 SPO\u0141ECZNYCH<br \/><\/a><a href=\"http:\/\/www.byjos.pl\/?page_id=704\">PRAWO ADMINISTRACYJNE<br \/><\/a><a href=\"http:\/\/www.byjos.pl\/?page_id=707\">PRAWO SAMORZ\u0104DU TERYTORIALNEGO<br \/><\/a><a href=\"http:\/\/www.byjos.pl\/?page_id=710\">PRAWO UPAD\u0141O\u015aCIOWE<br \/><\/a><a href=\"http:\/\/www.byjos.pl\/?page_id=713\">ZAM\u00d3WIENIA PUBLICZNE<br \/><\/a><a href=\"http:\/\/www.byjos.pl\/?page_id=716\">PRAWO OBROTU I ZARZ\u0104DZANIA <br \/>NIERUCHOMO\u015aCIAMI<br \/><\/a><a href=\"http:\/\/www.byjos.pl\/?page_id=719\">PRAWO BUDOWLANE<br \/><\/a><a href=\"http:\/\/www.byjos.pl\/?page_id=722\">PRAWO O KONKURENCJI<\/a><\/p><\/div><\/div><\/div><div id=\"pgc-713-1-1\"  class=\"panel-grid-cell\" ><div id=\"panel-713-1-1-0\" class=\"so-panel widget widget_black-studio-tinymce widget_black_studio_tinymce panel-first-child panel-last-child\" data-index=\"2\" ><div class=\"textwidget\"><h3> <\/h3>\n<h3>ZAM\u00d3WIENIA PUBLICZNE<\/h3>\n<hr style=\"color: #403a35; background-color: #403a35; height: 2px; border-top: 1px solid #010101;\" \/>\n<p style=\"text-align: justify;\">Zakres \u015bwiadczonych us\u0142ug:<br \/>1. szczeg\u00f3\u0142owa analiza wzor\u00f3w um\u00f3w,<br \/>2. konsultowanie i opiniowanie um\u00f3w konsorcjum tj. organizacji zrzeszaj\u0105cych kilka podmiot\u00f3w gospodarczych<br \/> w przypadku bardzo du\u017cych lub ryzykownych inwestycji oraz porozumie\u0144 o udost\u0119pnienie zasob\u00f3w,<br \/>3. konsultacj\u0119 na etapie przygotowywania oferty,<br \/>4. doradztwo na etapie wezwania do uzupe\u0142nienia dokument\u00f3w lub z\u0142o\u017cenia wyja\u015bnie\u0144,<br \/>5. przygotowywanie skarg, informacji i odwo\u0142a\u0144 o niezgodnych z prawem czynno\u015bciach zamawiaj\u0105cego jak i zaniechaniu danej czynno\u015bci,<br \/>6. reprezentowanie w sprawach przez Krajow\u0105 Izb\u0105 Odwo\u0142awcz\u0105 i s\u0105dami,<br \/>7. przygotowywanie lub konsultowanie wewn\u0119trznych regulacji dotycz\u0105cych udzielania zam\u00f3wie\u0144 publicznych <br \/>(regulamin\u00f3w zam\u00f3wie\u0144 publicznych, regulamin\u00f3w komisji przetargowych, regulamin\u00f3w tzw. \u201ezam\u00f3wie\u0144 podprogowych\u201d),<br \/>8. porady prawne w zakresie przygotowania post\u0119powania o udzielenie zam\u00f3wienia publicznego,<br \/>9. przygotowywanie projekt\u00f3w odpowiedzi na pytania wykonawc\u00f3w oraz wyja\u015bnie\u0144 tre\u015bci SIWZ,<br \/>10. doradztwo na r\u00f3\u017cnym etapie kontroli zam\u00f3wie\u0144 publicznych,<br \/>11. przygotowywanie opinii do protoko\u0142\u00f3w kontroli i wyst\u0105pie\u0144 pokontrolnych.<\/p><\/div><\/div><\/div><\/div><\/div>","protected":false},"excerpt":{"rendered":"<p>OFERTA \u015awiadczymy kompleksow\u0105 obs\u0142ug\u0119 prawn\u0105 w sprawach gospodarczych, w tym przede wszystkim windykacji nale\u017cno\u015bci na etapie wkroczenia na drog\u0119 post\u0119powania s\u0105dowego, prowadzenia post\u0119powania s\u0105dowego jak i egzekucyjnego. Dzi\u0119ki po\u0142\u0105czeniu wiedzy, profesjonalizmu oraz wieloletniego do\u015bwiadczenia naszej kadry mo\u017cemy wskazywa\u0107 bezpieczne i najlepsze rozwi\u0105zania naszym Klientom. Jeste\u015bmy Kancelari\u0105 wyspecjalizowan\u0105 w dochodzeniu nale\u017cno\u015bci na drodze post\u0119powania s\u0105dowego i&hellip; <a href=\"https:\/\/www.byjos.pl\/?page_id=713\">Continue reading&#8230;<\/a><\/p>\n","protected":false},"author":1,"featured_media":0,"parent":82,"menu_order":10,"comment_status":"closed","ping_status":"closed","template":"templates\/page-full-width.php","meta":[],"_links":{"self":[{"href":"https:\/\/www.byjos.pl\/index.php?rest_route=\/wp\/v2\/pages\/713"}],"collection":[{"href":"https:\/\/www.byjos.pl\/index.php?rest_route=\/wp\/v2\/pages"}],"about":[{"href":"https:\/\/www.byjos.pl\/index.php?rest_route=\/wp\/v2\/types\/page"}],"author":[{"embeddable":true,"href":"https:\/\/www.byjos.pl\/index.php?rest_route=\/wp\/v2\/users\/1"}],"replies":[{"embeddable":true,"href":"https:\/\/www.byjos.pl\/index.php?rest_route=%2Fwp%2Fv2%2Fcomments&post=713"}],"version-history":[{"count":18,"href":"https:\/\/www.byjos.pl\/index.php?rest_route=\/wp\/v2\/pages\/713\/revisions"}],"predecessor-version":[{"id":2723,"href":"https:\/\/www.byjos.pl\/index.php?rest_route=\/wp\/v2\/pages\/713\/revisions\/2723"}],"up":[{"embeddable":true,"href":"https:\/\/www.byjos.pl\/index.php?rest_route=\/wp\/v2\/pages\/82"}],"wp:attachment":[{"href":"https:\/\/www.byjos.pl\/index.php?rest_route=%2Fwp%2Fv2%2Fmedia&parent=713"}],"curies":[{"name":"wp","href":"https:\/\/api.w.org\/{rel}","templated":true}]}}