{"id":716,"date":"2013-10-30T10:53:39","date_gmt":"2013-10-30T09:53:39","guid":{"rendered":"http:\/\/new.byjos.pl\/?page_id=716"},"modified":"2014-11-13T22:21:11","modified_gmt":"2014-11-13T21:21:11","slug":"prawo-obrotu-i-zarzadzania-nieruchomosciami","status":"publish","type":"page","link":"https:\/\/www.byjos.pl\/?page_id=716","title":{"rendered":"PRAWO OBROTU I ZARZ\u0104DZANIA NIERUCHOMO\u015aCIAMI"},"content":{"rendered":"<div id=\"pl-716\"  class=\"panel-layout\" ><div id=\"pg-716-0\"  class=\"panel-grid panel-no-style\" ><div id=\"pgc-716-0-0\"  class=\"panel-grid-cell\" ><div id=\"panel-716-0-0-0\" class=\"so-panel widget widget_black-studio-tinymce widget_black_studio_tinymce panel-first-child panel-last-child\" data-index=\"0\" ><div class=\"textwidget\"><br\/>\n<h3> <\/h3>\n<h3><a href=\"http:\/\/new.byjos.pl\/?page_id=82\">OFERTA<\/a><\/h3>\n<hr style=\"color: #403a35; background-color: #403a35; height: 2px; border-top: 1px solid #010101;\" \/>\n<p style=\"text-align: justify;\">\u015awiadczymy kompleksow\u0105 obs\u0142ug\u0119 prawn\u0105 w sprawach gospodarczych, w tym przede wszystkim windykacji nale\u017cno\u015bci na etapie wkroczenia na drog\u0119 post\u0119powania s\u0105dowego, prowadzenia post\u0119powania s\u0105dowego jak i egzekucyjnego. Dzi\u0119ki po\u0142\u0105czeniu wiedzy, profesjonalizmu oraz wieloletniego do\u015bwiadczenia naszej kadry mo\u017cemy wskazywa\u0107 bezpieczne i najlepsze rozwi\u0105zania naszym Klientom. Jeste\u015bmy Kancelari\u0105 wyspecjalizowan\u0105 w dochodzeniu nale\u017cno\u015bci na drodze post\u0119powania s\u0105dowego i egzekucyjnego.<\/p><\/div><\/div><\/div><\/div><div id=\"pg-716-1\"  class=\"panel-grid panel-no-style\" ><div id=\"pgc-716-1-0\"  class=\"panel-grid-cell\" ><div id=\"panel-716-1-0-0\" class=\"so-panel widget widget_black-studio-tinymce widget_black_studio_tinymce panel-first-child panel-last-child\" data-index=\"1\" ><div class=\"textwidget\"><h3> <\/h3>\r\n<h3>KATEGORIE<\/h3>\r\n<hr style=\"color: #403a35; background-color: #403a35; height: 2px; border-top: 1px solid #010101;\" \/>\r\n<p><a href=\"http:\/\/www.byjos.pl\/?page_id=661\">PRAWO CYWILNE<br \/><\/a><a href=\"http:\/\/www.byjos.pl\/?page_id=685\">PRAWO GOSPODARCZE<br \/><\/a><a href=\"http:\/\/www.byjos.pl\/?page_id=695\">PRAWO HANDLOWE<br \/><\/a><a href=\"http:\/\/www.byjos.pl\/?page_id=698\">PRAWO PRACY<\/a><a href=\"http:\/\/www.byjos.pl\/?page_id=695\"><br \/><\/a><a href=\"http:\/\/www.byjos.pl\/?page_id=701\">PRAWO UBEZPIECZE\u0143 SPO\u0141ECZNYCH<br \/><\/a><a href=\"http:\/\/www.byjos.pl\/?page_id=704\">PRAWO ADMINISTRACYJNE<br \/><\/a><a href=\"http:\/\/www.byjos.pl\/?page_id=707\">PRAWO SAMORZ\u0104DU TERYTORIALNEGO<br \/><\/a><a href=\"http:\/\/www.byjos.pl\/?page_id=710\">PRAWO UPAD\u0141O\u015aCIOWE<br \/><\/a><a href=\"http:\/\/www.byjos.pl\/?page_id=713\">ZAM\u00d3WIENIA PUBLICZNE<br \/><\/a><a href=\"http:\/\/www.byjos.pl\/?page_id=716\">PRAWO OBROTU I ZARZ\u0104DZANIA <br \/>NIERUCHOMO\u015aCIAMI<br \/><\/a><a href=\"http:\/\/www.byjos.pl\/?page_id=719\">PRAWO BUDOWLANE<br \/><\/a><a href=\"http:\/\/www.byjos.pl\/?page_id=722\">PRAWO O KONKURENCJI<\/a><\/p><\/div><\/div><\/div><div id=\"pgc-716-1-1\"  class=\"panel-grid-cell\" ><div id=\"panel-716-1-1-0\" class=\"so-panel widget widget_black-studio-tinymce widget_black_studio_tinymce panel-first-child panel-last-child\" data-index=\"2\" ><div class=\"textwidget\"><h3> <\/h3>\n<h3>PRAWO OBROTU I ZARZ\u0104DZANIA NIERUCHOMO\u015aCIAMI<\/h3>\n<hr style=\"color: #403a35; background-color: #403a35; height: 2px; border-top: 1px solid #010101;\" \/>\n<p style=\"text-align: justify;\">Zakres \u015bwiadczonych us\u0142ug:<br \/>1. Udzielanie porad w sprawach dotycz\u0105cych:<br \/> - funkcjonowania i zarz\u0105dzania nieruchomo\u015bciami,<br \/> - scalania i podzia\u0142u nieruchomo\u015bci,<br \/>- ewidencji grunt\u00f3w i budynk\u00f3w,<br \/>2. sporz\u0105dzania opinii prawnych z zakresu zarz\u0105dzania nieruchomo\u015bciami,<br \/>3. sporz\u0105dzanie:<br \/>- projekt\u00f3w wniosk\u00f3w w post\u0119powaniu wieczysto - ksi\u0119gowym, <br \/>- projekt\u00f3w akt\u00f3w wsp\u00f3lnot mieszkaniowych (statut\u00f3w, regulamin\u00f3w i innych), <br \/>- projekt\u00f3w uchwa\u0142 wsp\u00f3lnot mieszkaniowych, <br \/>- pozw\u00f3w o uchylenie uchwa\u0142 wsp\u00f3lnoty mieszkaniowej,<br \/> - pozw\u00f3w o wyra\u017cenie zgody na dokonanie czynno\u015bci przekraczaj\u0105cych zwyk\u0142y zarz\u0105d.<\/p><\/div><\/div><\/div><\/div><\/div>","protected":false},"excerpt":{"rendered":"<p>OFERTA \u015awiadczymy kompleksow\u0105 obs\u0142ug\u0119 prawn\u0105 w sprawach gospodarczych, w tym przede wszystkim windykacji nale\u017cno\u015bci na etapie wkroczenia na drog\u0119 post\u0119powania s\u0105dowego, prowadzenia post\u0119powania s\u0105dowego jak i egzekucyjnego. Dzi\u0119ki po\u0142\u0105czeniu wiedzy, profesjonalizmu oraz wieloletniego do\u015bwiadczenia naszej kadry mo\u017cemy wskazywa\u0107 bezpieczne i najlepsze rozwi\u0105zania naszym Klientom. Jeste\u015bmy Kancelari\u0105 wyspecjalizowan\u0105 w dochodzeniu nale\u017cno\u015bci na drodze post\u0119powania s\u0105dowego i&hellip; <a href=\"https:\/\/www.byjos.pl\/?page_id=716\">Continue reading&#8230;<\/a><\/p>\n","protected":false},"author":1,"featured_media":0,"parent":82,"menu_order":12,"comment_status":"closed","ping_status":"closed","template":"templates\/page-full-width.php","meta":[],"_links":{"self":[{"href":"https:\/\/www.byjos.pl\/index.php?rest_route=\/wp\/v2\/pages\/716"}],"collection":[{"href":"https:\/\/www.byjos.pl\/index.php?rest_route=\/wp\/v2\/pages"}],"about":[{"href":"https:\/\/www.byjos.pl\/index.php?rest_route=\/wp\/v2\/types\/page"}],"author":[{"embeddable":true,"href":"https:\/\/www.byjos.pl\/index.php?rest_route=\/wp\/v2\/users\/1"}],"replies":[{"embeddable":true,"href":"https:\/\/www.byjos.pl\/index.php?rest_route=%2Fwp%2Fv2%2Fcomments&post=716"}],"version-history":[{"count":21,"href":"https:\/\/www.byjos.pl\/index.php?rest_route=\/wp\/v2\/pages\/716\/revisions"}],"predecessor-version":[{"id":2724,"href":"https:\/\/www.byjos.pl\/index.php?rest_route=\/wp\/v2\/pages\/716\/revisions\/2724"}],"up":[{"embeddable":true,"href":"https:\/\/www.byjos.pl\/index.php?rest_route=\/wp\/v2\/pages\/82"}],"wp:attachment":[{"href":"https:\/\/www.byjos.pl\/index.php?rest_route=%2Fwp%2Fv2%2Fmedia&parent=716"}],"curies":[{"name":"wp","href":"https:\/\/api.w.org\/{rel}","templated":true}]}}